{"id":32,"date":"2009-12-03T17:39:45","date_gmt":"2009-12-03T23:39:45","guid":{"rendered":"https:\/\/web.saumag.edu\/admissions\/?page_id=32"},"modified":"2026-02-12T12:50:03","modified_gmt":"2026-02-12T18:50:03","slug":"campus-tours","status":"publish","type":"page","link":"https:\/\/web.saumag.edu\/admissions\/campus-tours\/","title":{"rendered":"Campus Tours"},"content":{"rendered":"\t\t<div data-elementor-type=\"wp-page\" data-elementor-id=\"32\" class=\"elementor elementor-32\" data-elementor-post-type=\"page\">\n\t\t\t\t\t\t<section class=\"elementor-section elementor-top-section elementor-element elementor-element-d234cfc elementor-section-boxed elementor-section-height-default elementor-section-height-default\" data-id=\"d234cfc\" data-element_type=\"section\" data-e-type=\"section\">\n\t\t\t\t\t\t<div class=\"elementor-container elementor-column-gap-default\">\n\t\t\t\t\t<div class=\"elementor-column elementor-col-100 elementor-top-column elementor-element elementor-element-b688991\" data-id=\"b688991\" data-element_type=\"column\" data-e-type=\"column\">\n\t\t\t<div class=\"elementor-widget-wrap elementor-element-populated\">\n\t\t\t\t\t\t<div class=\"elementor-element elementor-element-f686732 elementor-widget elementor-widget-heading\" data-id=\"f686732\" data-element_type=\"widget\" data-e-type=\"widget\" data-widget_type=\"heading.default\">\n\t\t\t\t<div class=\"elementor-widget-container\">\n\t\t\t\t\t<h1 class=\"elementor-heading-title elementor-size-default\">Campus Tours<\/h1>\t\t\t\t<\/div>\n\t\t\t\t<\/div>\n\t\t\t\t\t<\/div>\n\t\t<\/div>\n\t\t\t\t\t<\/div>\n\t\t<\/section>\n\t\t\t\t<section class=\"elementor-section elementor-top-section elementor-element elementor-element-afb1e8a elementor-section-boxed elementor-section-height-default elementor-section-height-default elementor-invisible\" data-id=\"afb1e8a\" data-element_type=\"section\" data-e-type=\"section\" data-settings=\"{&quot;background_background&quot;:&quot;classic&quot;,&quot;animation&quot;:&quot;fadeInUp&quot;}\">\n\t\t\t\t\t\t\t<div class=\"elementor-background-overlay\"><\/div>\n\t\t\t\t\t\t\t<div class=\"elementor-container elementor-column-gap-wide\">\n\t\t\t\t\t<div class=\"elementor-column elementor-col-50 elementor-top-column elementor-element elementor-element-4cfcfce\" data-id=\"4cfcfce\" data-element_type=\"column\" data-e-type=\"column\">\n\t\t\t<div class=\"elementor-widget-wrap elementor-element-populated\">\n\t\t\t\t\t\t<div class=\"elementor-element elementor-element-df1af30 elementor-widget elementor-widget-video\" data-id=\"df1af30\" data-element_type=\"widget\" data-e-type=\"widget\" data-settings=\"{&quot;youtube_url&quot;:&quot;https:\\\/\\\/www.youtube.com\\\/watch?v=Zwx-Ij7P250&quot;,&quot;video_type&quot;:&quot;youtube&quot;,&quot;controls&quot;:&quot;yes&quot;}\" data-widget_type=\"video.default\">\n\t\t\t\t<div class=\"elementor-widget-container\">\n\t\t\t\t\t\t\t<div class=\"elementor-wrapper elementor-open-inline\">\n\t\t\t<div class=\"elementor-video\"><\/div>\t\t<\/div>\n\t\t\t\t\t\t<\/div>\n\t\t\t\t<\/div>\n\t\t\t\t\t<\/div>\n\t\t<\/div>\n\t\t\t\t<div class=\"elementor-column elementor-col-50 elementor-top-column elementor-element elementor-element-9177258\" data-id=\"9177258\" data-element_type=\"column\" data-e-type=\"column\">\n\t\t\t<div class=\"elementor-widget-wrap elementor-element-populated\">\n\t\t\t\t\t\t<div class=\"elementor-element elementor-element-1635f99 elementor-widget elementor-widget-text-editor\" data-id=\"1635f99\" data-element_type=\"widget\" data-e-type=\"widget\" data-widget_type=\"text-editor.default\">\n\t\t\t\t<div class=\"elementor-widget-container\">\n\t\t\t\t\t\t\t\t\t<h3>About the Campus<\/h3><p>The Southern Arkansas University campus is comprised of nearly 1,400 acres on the northern edge of Magnolia, Arkansas. While SAU is conveniently located within driving distance of Dallas, Shreveport, and Little Rock, Magnolia offers a small-town setting and family-like feel.<\/p>\t\t\t\t\t\t\t\t<\/div>\n\t\t\t\t<\/div>\n\t\t\t\t<section class=\"elementor-section elementor-inner-section elementor-element elementor-element-ab056cd elementor-section-boxed elementor-section-height-default elementor-section-height-default\" data-id=\"ab056cd\" data-element_type=\"section\" data-e-type=\"section\">\n\t\t\t\t\t\t<div class=\"elementor-container elementor-column-gap-default\">\n\t\t\t\t\t<div class=\"elementor-column elementor-col-50 elementor-inner-column elementor-element elementor-element-c296c21\" data-id=\"c296c21\" data-element_type=\"column\" data-e-type=\"column\">\n\t\t\t<div class=\"elementor-widget-wrap elementor-element-populated\">\n\t\t\t\t\t\t<div class=\"elementor-element elementor-element-e8c5aa4 elementor-align-center elementor-widget elementor-widget-button\" data-id=\"e8c5aa4\" data-element_type=\"widget\" data-e-type=\"widget\" data-widget_type=\"button.default\">\n\t\t\t\t<div class=\"elementor-widget-container\">\n\t\t\t\t\t\t\t\t\t<div class=\"elementor-button-wrapper\">\n\t\t\t\t\t<a class=\"elementor-button elementor-button-link elementor-size-sm elementor-animation-grow\" href=\"https:\/\/web.saumag.edu\/admissions\/campus-map\/\">\n\t\t\t\t\t\t<span class=\"elementor-button-content-wrapper\">\n\t\t\t\t\t\t\t\t\t<span class=\"elementor-button-text\">Interactive Map<\/span>\n\t\t\t\t\t<\/span>\n\t\t\t\t\t<\/a>\n\t\t\t\t<\/div>\n\t\t\t\t\t\t\t\t<\/div>\n\t\t\t\t<\/div>\n\t\t\t\t\t<\/div>\n\t\t<\/div>\n\t\t\t\t<div class=\"elementor-column elementor-col-50 elementor-inner-column elementor-element elementor-element-b665fdb\" data-id=\"b665fdb\" data-element_type=\"column\" data-e-type=\"column\">\n\t\t\t<div class=\"elementor-widget-wrap elementor-element-populated\">\n\t\t\t\t\t\t<div class=\"elementor-element elementor-element-e00fad5 elementor-align-center elementor-widget elementor-widget-button\" data-id=\"e00fad5\" data-element_type=\"widget\" data-e-type=\"widget\" data-widget_type=\"button.default\">\n\t\t\t\t<div class=\"elementor-widget-container\">\n\t\t\t\t\t\t\t\t\t<div class=\"elementor-button-wrapper\">\n\t\t\t\t\t<a class=\"elementor-button elementor-button-link elementor-size-sm elementor-animation-grow\" href=\"https:\/\/web.saumag.edu\/print-map\">\n\t\t\t\t\t\t<span class=\"elementor-button-content-wrapper\">\n\t\t\t\t\t\t\t\t\t<span class=\"elementor-button-text\">Download Map [pdf]<\/span>\n\t\t\t\t\t<\/span>\n\t\t\t\t\t<\/a>\n\t\t\t\t<\/div>\n\t\t\t\t\t\t\t\t<\/div>\n\t\t\t\t<\/div>\n\t\t\t\t\t<\/div>\n\t\t<\/div>\n\t\t\t\t\t<\/div>\n\t\t<\/section>\n\t\t\t\t\t<\/div>\n\t\t<\/div>\n\t\t\t\t\t<\/div>\n\t\t<\/section>\n\t\t\t\t<section class=\"elementor-section elementor-top-section elementor-element elementor-element-c1fd0ce elementor-section-boxed elementor-section-height-default elementor-section-height-default\" data-id=\"c1fd0ce\" data-element_type=\"section\" data-e-type=\"section\">\n\t\t\t\t\t\t<div class=\"elementor-container elementor-column-gap-wider\">\n\t\t\t\t\t<div class=\"elementor-column elementor-col-50 elementor-top-column elementor-element elementor-element-273bbc2 elementor-invisible\" data-id=\"273bbc2\" data-element_type=\"column\" data-e-type=\"column\" data-settings=\"{&quot;animation&quot;:&quot;fadeInLeft&quot;,&quot;background_background&quot;:&quot;gradient&quot;}\">\n\t\t\t<div class=\"elementor-widget-wrap elementor-element-populated\">\n\t\t\t\t\t\t<div class=\"elementor-element elementor-element-1367d49 elementor-widget elementor-widget-text-editor\" data-id=\"1367d49\" data-element_type=\"widget\" data-e-type=\"widget\" data-widget_type=\"text-editor.default\">\n\t\t\t\t<div class=\"elementor-widget-container\">\n\t\t\t\t\t\t\t\t\t<h3>Preview Days<\/h3><p>Each semester, SAU offers Preview Days for high schools and other prospective students to tour campus \u2013 including academic buildings, housing, student life facilities, and more. To cater to groups and individuals, SAU hosts Preview Days for prospective students\u2014registration is required at the links below.\u00a0<\/p>\t\t\t\t\t\t\t\t<\/div>\n\t\t\t\t<\/div>\n\t\t\t\t<div class=\"elementor-element elementor-element-8a8e7e7 elementor-widget elementor-widget-text-editor\" data-id=\"8a8e7e7\" data-element_type=\"widget\" data-e-type=\"widget\" data-widget_type=\"text-editor.default\">\n\t\t\t\t<div class=\"elementor-widget-container\">\n\t\t\t\t\t\t\t\t\t<h3><strong>2026 Spring Preview Day Dates<\/strong><\/h3><ul><li>Spring Preview Day: Wednesday, <a href=\"https:\/\/web.saumag.edu\/admissions\/campus-tours\/preview-day\/april1\/\">April 1 , 2026<\/a><\/li><li>Slide Home to SAU: Tour and Baseball Game <a href=\"https:\/\/web.saumag.edu\/admissions\/campus-tours\/slide-home\/\">March 14, 2026<\/a><\/li><\/ul>\t\t\t\t\t\t\t\t<\/div>\n\t\t\t\t<\/div>\n\t\t\t\t<div class=\"elementor-element elementor-element-07f7aca elementor-widget elementor-widget-text-editor\" data-id=\"07f7aca\" data-element_type=\"widget\" data-e-type=\"widget\" data-widget_type=\"text-editor.default\">\n\t\t\t\t<div class=\"elementor-widget-container\">\n\t\t\t\t\t\t\t\t\t<h3><span style=\"background-color: transparent;text-align: var(--bs-body-text-align)\">Junior Scholars Day<\/span><\/h3><p>High school juniors are invited (3.25 GPA or 24 ACT required) on Junior Scholars Day to have brunch, attend mini-classes, and tour campus on this special day<a href=\"https:\/\/web.saumag.edu\/admissions\/campus-tours\/preview-day\/\">.<\/a>\u00a0 Registration is required at <a href=\"https:\/\/web.saumag.edu\/admissions\/junior-scholars-day-registration\/\">www.saumag.edu\/scholarsday<\/a>.<\/p><ul><li>Wednesday, Feb. 11, 2026<\/li><\/ul>\t\t\t\t\t\t\t\t<\/div>\n\t\t\t\t<\/div>\n\t\t\t\t<div class=\"elementor-element elementor-element-51490cf elementor-hidden-desktop elementor-hidden-tablet_extra elementor-hidden-tablet elementor-hidden-mobile elementor-widget elementor-widget-text-editor\" data-id=\"51490cf\" data-element_type=\"widget\" data-e-type=\"widget\" data-widget_type=\"text-editor.default\">\n\t\t\t\t<div class=\"elementor-widget-container\">\n\t\t\t\t\t\t\t\t\t<h3><span style=\"background-color: transparent;text-align: var(--bs-body-text-align)\">Hispanic Tour Days<\/span><\/h3><p>SAU ofrece d\u00edas de visita al campus en espa\u00f1ol! Esta es una gran oportunidad para que los futuros estudiantes y sus familias asistan a una sesi\u00f3n informativa y un recorrido por el campus realizado en espa\u00f1ol. Ven a aprender m\u00e1s sobre nuestra universidad y descubre por qu\u00e9 tantos estudiantes eligen SAU!<\/p><ul><li><a href=\"https:\/\/saumag.my.salesforce-sites.com\/EventListing?eventId=701Pq00000JRDfpIAH\">Septiembre 17<\/a><\/li><li><a href=\"https:\/\/saumag.my.salesforce-sites.com\/EventListing?eventId=701Pq00000Kc2yCIAR\">Octubre 11<\/a><\/li><li><a href=\"https:\/\/saumag.my.salesforce-sites.com\/EventListing?eventId=701Pq00000KcHtxIAF\">Octubre 25<\/a><\/li><li><a href=\"https:\/\/saumag.my.salesforce-sites.com\/EventListing?eventId=701Pq00000KcEHoIAN\">Noviembre 8<\/a><\/li><li><a href=\"https:\/\/saumag.my.salesforce-sites.com\/EventListing?eventId=701Pq00000Kc9huIAB\">Diciembre 4<\/a><\/li><\/ul><p>\u00a0<\/p>\t\t\t\t\t\t\t\t<\/div>\n\t\t\t\t<\/div>\n\t\t\t\t\t<\/div>\n\t\t<\/div>\n\t\t\t\t<div class=\"elementor-column elementor-col-50 elementor-top-column elementor-element elementor-element-cabe9a5 elementor-invisible\" data-id=\"cabe9a5\" data-element_type=\"column\" data-e-type=\"column\" data-settings=\"{&quot;animation&quot;:&quot;fadeInRight&quot;}\">\n\t\t\t<div class=\"elementor-widget-wrap elementor-element-populated\">\n\t\t\t\t\t\t<div class=\"elementor-element elementor-element-39b602a elementor-widget elementor-widget-text-editor\" data-id=\"39b602a\" data-element_type=\"widget\" data-e-type=\"widget\" data-widget_type=\"text-editor.default\">\n\t\t\t\t<div class=\"elementor-widget-container\">\n\t\t\t\t\t\t\t\t\t<h3>Personalized On-Campus Tour<\/h3><p>At SAU, we pride ourselves on our personalized approach to campus tours. We offer a tour experience that is customized to your interests. Book your on-campus tours below.<\/p>\t\t\t\t\t\t\t\t<\/div>\n\t\t\t\t<\/div>\n\t\t\t\t<div class=\"elementor-element elementor-element-6960bb6 elementor-align-center elementor-widget elementor-widget-button\" data-id=\"6960bb6\" data-element_type=\"widget\" data-e-type=\"widget\" data-widget_type=\"button.default\">\n\t\t\t\t<div class=\"elementor-widget-container\">\n\t\t\t\t\t\t\t\t\t<div class=\"elementor-button-wrapper\">\n\t\t\t\t\t<a class=\"elementor-button elementor-button-link elementor-size-sm elementor-animation-grow\" href=\"https:\/\/web.saumag.edu\/admissions\/campus-tours\/schedule-a-tour\/\">\n\t\t\t\t\t\t<span class=\"elementor-button-content-wrapper\">\n\t\t\t\t\t\t\t\t\t<span class=\"elementor-button-text\">Schedule an On-Campus Tour<\/span>\n\t\t\t\t\t<\/span>\n\t\t\t\t\t<\/a>\n\t\t\t\t<\/div>\n\t\t\t\t\t\t\t\t<\/div>\n\t\t\t\t<\/div>\n\t\t\t\t<div class=\"elementor-element elementor-element-11bcb9a elementor-hidden-desktop elementor-hidden-tablet elementor-hidden-mobile elementor-hidden-tablet_extra elementor-widget elementor-widget-text-editor\" data-id=\"11bcb9a\" data-element_type=\"widget\" data-e-type=\"widget\" data-widget_type=\"text-editor.default\">\n\t\t\t\t<div class=\"elementor-widget-container\">\n\t\t\t\t\t\t\t\t\t<h3>Virtual Appointment with an Admissions Counselor<\/h3><p>If you aren&#8217;t able to make it to campus, or would like to speak directly to a full-time Admissions Counselor, you may book an appointment for a virtual appointment below.<\/p>\t\t\t\t\t\t\t\t<\/div>\n\t\t\t\t<\/div>\n\t\t\t\t<div class=\"elementor-element elementor-element-45b691b elementor-align-center elementor-hidden-desktop elementor-hidden-tablet elementor-hidden-mobile elementor-hidden-tablet_extra elementor-widget elementor-widget-button\" data-id=\"45b691b\" data-element_type=\"widget\" data-e-type=\"widget\" data-widget_type=\"button.default\">\n\t\t\t\t<div class=\"elementor-widget-container\">\n\t\t\t\t\t\t\t\t\t<div class=\"elementor-button-wrapper\">\n\t\t\t\t\t<a class=\"elementor-button elementor-button-link elementor-size-sm elementor-animation-grow\" href=\"https:\/\/web.saumag.edu\/virtual\/\">\n\t\t\t\t\t\t<span class=\"elementor-button-content-wrapper\">\n\t\t\t\t\t\t\t\t\t<span class=\"elementor-button-text\">Book a Virtual Appointment<\/span>\n\t\t\t\t\t<\/span>\n\t\t\t\t\t<\/a>\n\t\t\t\t<\/div>\n\t\t\t\t\t\t\t\t<\/div>\n\t\t\t\t<\/div>\n\t\t\t\t<div class=\"elementor-element elementor-element-7ca2def elementor-widget elementor-widget-text-editor\" data-id=\"7ca2def\" data-element_type=\"widget\" data-e-type=\"widget\" data-widget_type=\"text-editor.default\">\n\t\t\t\t<div class=\"elementor-widget-container\">\n\t\t\t\t\t\t\t\t\t<h3>Transfer Fridays<\/h3><p>Each semester, SAU offers Transfer days for prospective students to come tour campus \u2013 including academic buildings, housing, student life facilities, and more. To cater to groups and individuals, SAU hosts Transfer days for prospective students<a href=\"https:\/\/web.saumag.edu\/admissions\/campus-tours\/preview-day\/\" target=\"_blank\" rel=\"noopener\" data-cke-saved-href=\"https:\/\/web.saumag.edu\/admissions\/campus-tours\/preview-day\/\">.<\/a> We are so excited to have you visit our campus!<\/p>\t\t\t\t\t\t\t\t<\/div>\n\t\t\t\t<\/div>\n\t\t\t\t<div class=\"elementor-element elementor-element-1f28c18 elementor-align-center elementor-widget elementor-widget-button\" data-id=\"1f28c18\" data-element_type=\"widget\" data-e-type=\"widget\" data-widget_type=\"button.default\">\n\t\t\t\t<div class=\"elementor-widget-container\">\n\t\t\t\t\t\t\t\t\t<div class=\"elementor-button-wrapper\">\n\t\t\t\t\t<a class=\"elementor-button elementor-button-link elementor-size-sm elementor-animation-grow\" href=\"https:\/\/web.saumag.edu\/admissions\/campus-tours\/preview-day\/\">\n\t\t\t\t\t\t<span class=\"elementor-button-content-wrapper\">\n\t\t\t\t\t\t\t\t\t<span class=\"elementor-button-text\">Register for a Preview Day<\/span>\n\t\t\t\t\t<\/span>\n\t\t\t\t\t<\/a>\n\t\t\t\t<\/div>\n\t\t\t\t\t\t\t\t<\/div>\n\t\t\t\t<\/div>\n\t\t\t\t\t<\/div>\n\t\t<\/div>\n\t\t\t\t\t<\/div>\n\t\t<\/section>\n\t\t\t\t<\/div>\n\t\t","protected":false},"excerpt":{"rendered":"<p>Campus Tours https:\/\/www.youtube.com\/watch?v=Zwx-Ij7P250 About the Campus The Southern Arkansas University campus is comprised of nearly 1,400 acres on the northern edge of Magnolia, Arkansas. While SAU is conveniently located within driving distance of Dallas, Shreveport, and Little Rock, Magnolia offers a small-town setting and family-like feel. Interactive Map Download Map [pdf] Preview Days Each semester,&#8230; <a class=\"more-link\" href=\"https:\/\/web.saumag.edu\/admissions\/campus-tours\/\"> Read More<\/a><\/p>\n","protected":false},"author":337,"featured_media":0,"parent":0,"menu_order":0,"comment_status":"closed","ping_status":"closed","template":"elementor_header_footer","meta":{"_acf_changed":false,"_genesis_hide_title":false,"_genesis_hide_breadcrumbs":false,"_genesis_hide_singular_image":false,"_genesis_hide_footer_widgets":false,"_genesis_custom_body_class":"","_genesis_custom_post_class":"","_genesis_layout":"full-width-content","footnotes":"","_links_to":"","_links_to_target":""},"class_list":{"0":"post-32","1":"page","2":"type-page","3":"status-publish","5":"entry"},"acf":[],"_links":{"self":[{"href":"https:\/\/web.saumag.edu\/admissions\/wp-json\/wp\/v2\/pages\/32","targetHints":{"allow":["GET"]}}],"collection":[{"href":"https:\/\/web.saumag.edu\/admissions\/wp-json\/wp\/v2\/pages"}],"about":[{"href":"https:\/\/web.saumag.edu\/admissions\/wp-json\/wp\/v2\/types\/page"}],"author":[{"embeddable":true,"href":"https:\/\/web.saumag.edu\/admissions\/wp-json\/wp\/v2\/users\/337"}],"replies":[{"embeddable":true,"href":"https:\/\/web.saumag.edu\/admissions\/wp-json\/wp\/v2\/comments?post=32"}],"version-history":[{"count":3,"href":"https:\/\/web.saumag.edu\/admissions\/wp-json\/wp\/v2\/pages\/32\/revisions"}],"predecessor-version":[{"id":12647,"href":"https:\/\/web.saumag.edu\/admissions\/wp-json\/wp\/v2\/pages\/32\/revisions\/12647"}],"wp:attachment":[{"href":"https:\/\/web.saumag.edu\/admissions\/wp-json\/wp\/v2\/media?parent=32"}],"curies":[{"name":"wp","href":"https:\/\/api.w.org\/{rel}","templated":true}]}}